{"id":5416,"date":"2024-11-04T12:27:07","date_gmt":"2024-11-04T17:27:07","guid":{"rendered":"https:\/\/www.funkbowling.com\/?page_id=5416"},"modified":"2025-03-20T04:40:14","modified_gmt":"2025-03-20T08:40:14","slug":"datenschutzbestimmungen-2","status":"publish","type":"page","link":"https:\/\/www.funkbowling.com\/de\/datenschutzbestimmungen-2\/","title":{"rendered":"Impressum"},"content":{"rendered":"\n<p><strong>Angaben gem\u00e4\u00df \u00a7 5 TMG<\/strong><\/p>\n\n<p>Karl Funk GmbH & Co. KG<br\/>An der Schnellstr. 6<br\/>88437 Maselheim-\u00c4pfingen, DE<br\/><\/p>\n\n<p><strong>Vertreten durch<\/strong><\/p>\n\n<p>Karl-Heinz Funk, Gesch\u00e4ftsf\u00fchrer<br\/><\/p>\n\n<p><strong>Kontakt<\/strong><\/p>\n\n<p>Telefon: +49 7356 93700<br\/>E-Mail: info@funk-bowling.de<br\/>Website: www.funkbowling.com<br\/><\/p>\n\n<p><strong>Umsatzsteuer-ID<\/strong><\/p>\n\n<p>Umsatzsteuer-Identifikationsnummer gem\u00e4\u00df \u00a7 27 a Umsatzsteuergesetz: DE144892985<br\/><\/p>\n\n<p><strong>Handelsregister<\/strong><\/p>\n\n<p>Eingetragen im Handelsregister.<br\/>Registergericht: Biberach an der Ri\u00df<br\/>Registernummer: HRA 640485 Ulm<br\/><\/p>\n\n<p><strong>Verantwortlich f\u00fcr den Inhalt nach \u00a7 55 Abs. 2 RStV: <\/strong><\/p>\n\n<p>Karl Funk GmbH & Co. KG<br\/>Karl-Heinz Funk<br\/>An der Schnellstr. 6<br\/>88437 Maselheim-\u00c4pfingen, DE<\/p>\n<span class=\"et_bloom_bottom_trigger\"><\/span>","protected":false},"excerpt":{"rendered":"<p>Angaben gem\u00e4\u00df \u00a7 5 TMG Karl Funk GmbH &#038; Co. KGAn der Schnellstr. 688437 Maselheim-\u00c4pfingen, DE Vertreten durch Karl-Heinz Funk, Gesch\u00e4ftsf\u00fchrer Kontakt Telefon: +49 7356 93700E-Mail: info@funk-bowling.deWebsite: www.funkbowling.com Umsatzsteuer-ID Umsatzsteuer-Identifikationsnummer gem\u00e4\u00df \u00a7 27 a Umsatzsteuergesetz: DE144892985 Handelsregister Eingetragen im Handelsregister.Registergericht: Biberach an der Ri\u00dfRegisternummer: HRA 640485 Ulm Verantwortlich f\u00fcr den Inhalt nach \u00a7 55 Abs. [&hellip;]<\/p>\n","protected":false},"author":6,"featured_media":0,"parent":0,"menu_order":0,"comment_status":"closed","ping_status":"open","template":"","meta":{"_et_pb_use_builder":"","_et_pb_old_content":"","_et_gb_content_width":"","footnotes":""},"class_list":["post-5416","page","type-page","status-publish","hentry"],"yoast_head":"<!-- This site is optimized with the Yoast SEO plugin v27.4 - https:\/\/yoast.com\/product\/yoast-seo-wordpress\/ -->\n<title>Impressum - Funk Nordamerika<\/title>\n<meta name=\"description\" content=\"Sehen Sie sich die Datenschutzbestimmungen von Funk Bowling an.\" \/>\n<meta name=\"robots\" content=\"index, follow, max-snippet:-1, max-image-preview:large, max-video-preview:-1\" \/>\n<link rel=\"canonical\" href=\"https:\/\/www.funkbowling.com\/de\/datenschutzbestimmungen-2\/\" \/>\n<meta property=\"og:locale\" content=\"de_DE\" \/>\n<meta property=\"og:type\" content=\"article\" \/>\n<meta property=\"og:title\" content=\"Impressum - Funk Nordamerika\" \/>\n<meta property=\"og:description\" content=\"Sehen Sie sich die Datenschutzbestimmungen von Funk Bowling an.\" \/>\n<meta property=\"og:url\" content=\"https:\/\/www.funkbowling.com\/de\/datenschutzbestimmungen-2\/\" \/>\n<meta property=\"og:site_name\" content=\"Funk Nordamerika\" \/>\n<meta property=\"article:publisher\" content=\"https:\/\/www.facebook.com\/funkbowl\/\" \/>\n<meta property=\"article:modified_time\" content=\"2025-03-20T08:40:14+00:00\" \/>\n<meta property=\"og:image\" content=\"https:\/\/www.funkbowling.com\/wp-content\/uploads\/2021\/04\/Funk-Bowling-Favicon-500px-300x300.jpg\" \/>\n<meta name=\"twitter:card\" content=\"summary_large_image\" \/>\n<meta name=\"twitter:image\" content=\"https:\/\/www.funkbowling.com\/wp-content\/uploads\/2021\/04\/Funk-Bowling-Favicon-500px.jpg\" \/>\n<!-- \/ Yoast SEO plugin. -->","yoast_head_json":{"title":"Impressum - Funk Nordamerika","description":"Sehen Sie sich die Datenschutzbestimmungen von Funk Bowling an.","robots":{"index":"index","follow":"follow","max-snippet":"max-snippet:-1","max-image-preview":"max-image-preview:large","max-video-preview":"max-video-preview:-1"},"canonical":"https:\/\/www.funkbowling.com\/de\/datenschutzbestimmungen-2\/","og_locale":"de_DE","og_type":"article","og_title":"Impressum - Funk Nordamerika","og_description":"Sehen Sie sich die Datenschutzbestimmungen von Funk Bowling an.","og_url":"https:\/\/www.funkbowling.com\/de\/datenschutzbestimmungen-2\/","og_site_name":"Funk Nordamerika","article_publisher":"https:\/\/www.facebook.com\/funkbowl\/","article_modified_time":"2025-03-20T08:40:14+00:00","og_image":[{"url":"https:\/\/www.funkbowling.com\/wp-content\/uploads\/2021\/04\/Funk-Bowling-Favicon-500px-300x300.jpg","type":"","width":"","height":""}],"twitter_card":"summary_large_image","twitter_image":"https:\/\/www.funkbowling.com\/wp-content\/uploads\/2021\/04\/Funk-Bowling-Favicon-500px.jpg","schema":{"@context":"https:\/\/schema.org","@graph":[{"@type":"WebPage","@id":"https:\/\/www.funkbowling.com\/de\/datenschutzbestimmungen-2\/","url":"https:\/\/www.funkbowling.com\/de\/datenschutzbestimmungen-2\/","name":"Impressum - Funk Nordamerika","isPartOf":{"@id":"https:\/\/www.funkbowling.com\/de\/#website"},"datePublished":"2024-11-04T17:27:07+00:00","dateModified":"2025-03-20T08:40:14+00:00","description":"Sehen Sie sich die Datenschutzbestimmungen von Funk Bowling an.","breadcrumb":{"@id":"https:\/\/www.funkbowling.com\/de\/datenschutzbestimmungen-2\/#breadcrumb"},"inLanguage":"de","potentialAction":[{"@type":"ReadAction","target":["https:\/\/www.funkbowling.com\/de\/datenschutzbestimmungen-2\/"]}]},{"@type":"BreadcrumbList","@id":"https:\/\/www.funkbowling.com\/de\/datenschutzbestimmungen-2\/#breadcrumb","itemListElement":[{"@type":"ListItem","position":1,"name":"Startseite","item":"https:\/\/www.funkbowling.com\/de\/startseite\/"},{"@type":"ListItem","position":2,"name":"Impressum"}]},{"@type":"WebSite","@id":"https:\/\/www.funkbowling.com\/de\/#website","url":"https:\/\/www.funkbowling.com\/de\/","name":"Funk Nordamerika","description":"Internationaler Hersteller von Bowling-Ausr\u00fcstung","publisher":{"@id":"https:\/\/www.funkbowling.com\/de\/#organization"},"potentialAction":[{"@type":"SearchAction","target":{"@type":"EntryPoint","urlTemplate":"https:\/\/www.funkbowling.com\/de\/?s={search_term_string}"},"query-input":{"@type":"PropertyValueSpecification","valueRequired":true,"valueName":"search_term_string"}}],"inLanguage":"de"},{"@type":"Organization","@id":"https:\/\/www.funkbowling.com\/de\/#organization","name":"Funk Bowling","url":"https:\/\/www.funkbowling.com\/de\/","logo":{"@type":"ImageObject","inLanguage":"de","@id":"https:\/\/www.funkbowling.com\/de\/#\/schema\/logo\/image\/","url":"https:\/\/www.funkbowling.com\/wp-content\/uploads\/2021\/04\/Funk-Bowling-Classic-Logo-North-America-Bowling-Center-Equipment228x86.png","contentUrl":"https:\/\/www.funkbowling.com\/wp-content\/uploads\/2021\/04\/Funk-Bowling-Classic-Logo-North-America-Bowling-Center-Equipment228x86.png","width":228,"height":86,"caption":"Funk Bowling"},"image":{"@id":"https:\/\/www.funkbowling.com\/de\/#\/schema\/logo\/image\/"},"sameAs":["https:\/\/www.facebook.com\/funkbowl\/","https:\/\/www.instagram.com\/funk.bowling\/","https:\/\/www.linkedin.com\/company\/funk-bowling-north-america\/","https:\/\/www.youtube.com\/channel\/UCAc3s8t9ui25dN_owAeexKQ"]}]}},"jetpack_sharing_enabled":true,"_links":{"self":[{"href":"https:\/\/www.funkbowling.com\/de\/wp-json\/wp\/v2\/pages\/5416","targetHints":{"allow":["GET"]}}],"collection":[{"href":"https:\/\/www.funkbowling.com\/de\/wp-json\/wp\/v2\/pages"}],"about":[{"href":"https:\/\/www.funkbowling.com\/de\/wp-json\/wp\/v2\/types\/page"}],"author":[{"embeddable":true,"href":"https:\/\/www.funkbowling.com\/de\/wp-json\/wp\/v2\/users\/6"}],"replies":[{"embeddable":true,"href":"https:\/\/www.funkbowling.com\/de\/wp-json\/wp\/v2\/comments?post=5416"}],"version-history":[{"count":0,"href":"https:\/\/www.funkbowling.com\/de\/wp-json\/wp\/v2\/pages\/5416\/revisions"}],"wp:attachment":[{"href":"https:\/\/www.funkbowling.com\/de\/wp-json\/wp\/v2\/media?parent=5416"}],"curies":[{"name":"wp","href":"https:\/\/api.w.org\/{rel}","templated":true}]}}