{"id":4003,"date":"2020-03-18T13:13:51","date_gmt":"2020-03-18T17:13:51","guid":{"rendered":"https:\/\/www.funkbowling.com\/faq-2\/"},"modified":"2024-08-12T05:56:26","modified_gmt":"2024-08-12T09:56:26","slug":"faq-2","status":"publish","type":"page","link":"https:\/\/www.funkbowling.com\/de\/faq-2\/","title":{"rendered":"FAQ"},"content":{"rendered":"<p>[et_pb_section fb_built=&#8220;1&#8243; custom_padding_last_edited=&#8220;off|desktop&#8220; admin_label=&#8220;Header&#8220; _builder_version=&#8220;4.16&#8243; background_color=&#8220;#2a2e40&#8243; use_background_color_gradient=&#8220;on&#8220; background_color_gradient_type=&#8220;circular&#8220; background_color_gradient_stops=&#8220;rgba(36,41,63,0.56) 0%|rgba(42,46,64,0.42) 81%&#8220; background_color_gradient_overlays_image=&#8220;on&#8220; background_color_gradient_start=&#8220;rgba(36,41,63,0.56)&#8220; background_color_gradient_end=&#8220;rgba(42,46,64,0.42)&#8220; background_color_gradient_end_position=&#8220;81%&#8220; background_image=&#8220;https:\/\/www.funkbowling.com\/wp-content\/uploads\/2019\/09\/Funk-Bowling-Image-4.jpg&#8220; custom_padding=&#8220;0px||0px|||&#8220; custom_padding_tablet=&#8220;0vw||&#8220; custom_padding_phone=&#8220;0vw||&#8220; global_colors_info=&#8220;{}&#8220;][et_pb_row custom_padding_last_edited=&#8220;off|desktop&#8220; _builder_version=&#8220;4.16&#8243; width=&#8220;100%&#8220; module_alignment=&#8220;center&#8220; custom_margin=&#8220;||&#8220; custom_padding_tablet=&#8220;||40px|0%&#8220; use_custom_width=&#8220;on&#8220; width_unit=&#8220;off&#8220; global_colors_info=&#8220;{}&#8220;][et_pb_column type=&#8220;4_4&#8243; _builder_version=&#8220;4.16&#8243; custom_padding=&#8220;|||&#8220; global_colors_info=&#8220;{}&#8220; custom_padding__hover=&#8220;|||&#8220;][et_pb_text _builder_version=&#8220;4.16&#8243; text_font=&#8220;||||||||&#8220; header_font=&#8220;Raleway|700||on|||||&#8220; header_text_align=&#8220;center&#8220; header_font_size=&#8220;7vw&#8220; header_letter_spacing=&#8220;0.34em&#8220; header_line_height=&#8220;1.2em&#8220; header_2_font=&#8220;||||||||&#8220; header_3_font=&#8220;Oswald|||on|||||&#8220; header_3_font_size=&#8220;14px&#8220; header_3_letter_spacing=&#8220;1em&#8220; header_3_line_height=&#8220;2.4em&#8220; background_layout=&#8220;dark&#8220; custom_padding=&#8220;80px||80px||true|&#8220; animation_style=&#8220;slide&#8220; animation_direction=&#8220;right&#8220; animation_duration=&#8220;2000ms&#8220; animation_intensity_slide=&#8220;2%&#8220; header_font_size_tablet=&#8220;40px&#8220; header_font_size_phone=&#8220;30px&#8220; header_font_size_last_edited=&#8220;on|phone&#8220; header_line_height_tablet=&#8220;1.5em&#8220; header_line_height_phone=&#8220;1.5em&#8220; header_line_height_last_edited=&#8220;on|phone&#8220; header_3_font_size_tablet=&#8220;10px&#8220; header_3_font_size_phone=&#8220;10px&#8220; header_3_font_size_last_edited=&#8220;on|desktop&#8220; header_3_letter_spacing_tablet=&#8220;&#8220; header_3_letter_spacing_phone=&#8220;3px&#8220; header_3_letter_spacing_last_edited=&#8220;on|phone&#8220; header_text_shadow_style=&#8220;preset2&#8243; global_colors_info=&#8220;{}&#8220;]<\/p>\n<h1>faq<\/h1>\n<p>[\/et_pb_text][\/et_pb_column][\/et_pb_row][\/et_pb_section][et_pb_section fb_built=&#8220;1&#8243; _builder_version=&#8220;4.16&#8243; background_enable_color=&#8220;off&#8220; custom_padding=&#8220;32px|||||&#8220; global_colors_info=&#8220;{}&#8220;][et_pb_row _builder_version=&#8220;4.16&#8243; custom_padding=&#8220;0px|||||&#8220; global_colors_info=&#8220;{}&#8220;][et_pb_column type=&#8220;4_4&#8243; _builder_version=&#8220;4.16&#8243; global_colors_info=&#8220;{}&#8220;][et_pb_text _builder_version=&#8220;4.17.4&#8243; text_font=&#8220;||||||||&#8220; header_font=&#8220;Raleway|700|||||||&#8220; header_text_align=&#8220;center&#8220; header_text_color=&#8220;#000000&#8243; header_letter_spacing=&#8220;3px&#8220; header_line_height=&#8220;1.2em&#8220; header_2_font=&#8220;Raleway|700|||||||&#8220; header_2_text_align=&#8220;center&#8220; header_2_text_color=&#8220;#383838&#8243; header_2_font_size=&#8220;30px&#8220; header_2_letter_spacing=&#8220;3px&#8220; header_3_font=&#8220;Oswald||||||||&#8220; header_3_font_size=&#8220;14px&#8220; header_3_letter_spacing=&#8220;1em&#8220; header_3_line_height=&#8220;2.4em&#8220; background_layout=&#8220;dark&#8220; width=&#8220;88%&#8220; width_tablet=&#8220;&#8220; width_phone=&#8220;100%&#8220; width_last_edited=&#8220;on|phone&#8220; module_alignment=&#8220;center&#8220; custom_padding=&#8220;30px||30px||true|&#8220; custom_padding_tablet=&#8220;16px||16px||true|false&#8220; custom_padding_phone=&#8220;&#8220; custom_padding_last_edited=&#8220;on|desktop&#8220; animation_style=&#8220;slide&#8220; animation_direction=&#8220;right&#8220; animation_duration=&#8220;2000ms&#8220; animation_intensity_slide=&#8220;2%&#8220; header_font_size_tablet=&#8220;40px&#8220; header_font_size_phone=&#8220;28px&#8220; header_font_size_last_edited=&#8220;on|phone&#8220; header_letter_spacing_tablet=&#8220;10px&#8220; header_letter_spacing_phone=&#8220;7px&#8220; header_letter_spacing_last_edited=&#8220;off|desktop&#8220; header_line_height_tablet=&#8220;1em&#8220; header_line_height_phone=&#8220;1em&#8220; header_line_height_last_edited=&#8220;on|tablet&#8220; header_3_font_size_tablet=&#8220;10px&#8220; header_3_font_size_phone=&#8220;10px&#8220; header_3_font_size_last_edited=&#8220;on|desktop&#8220; header_3_letter_spacing_tablet=&#8220;&#8220; header_3_letter_spacing_phone=&#8220;3px&#8220; header_3_letter_spacing_last_edited=&#8220;on|phone&#8220; global_colors_info=&#8220;{}&#8220;]<\/p>\n<h2>Antworten auf h\u00e4ufige Fragen, die wir von erfahrenen Betreibern und zuk\u00fcnftigen Bowling-Center-Besitzern erhalten.<\/h2>\n<p>[\/et_pb_text][et_pb_accordion open_toggle_text_color=&#8220;#383838&#8243; icon_color=&#8220;#AB2A21&#8243; use_icon_font_size=&#8220;on&#8220; icon_font_size=&#8220;41px&#8220; _builder_version=&#8220;4.21.0&#8243; toggle_font=&#8220;Raleway|700|||||||&#8220; toggle_font_size=&#8220;23px&#8220; toggle_letter_spacing=&#8220;2px&#8220; body_font=&#8220;Oswald|300|||||||&#8220; body_font_size=&#8220;19px&#8220; width=&#8220;80%&#8220; module_alignment=&#8220;center&#8220; hover_enabled=&#8220;0&#8243; global_colors_info=&#8220;{}&#8220; sticky_enabled=&#8220;0&#8243;][et_pb_accordion_item title=&#8220;Was ist das Teuerste am Betrieb eines Bowling-Gesch\u00e4fts?&#8220; open=&#8220;on&#8220; _builder_version=&#8220;4.16&#8243; global_colors_info=&#8220;{}&#8220;]Einfach gesagt: Wartung. Der gr\u00f6\u00dfte Verursacher dieser Wartungskosten ist der traditionelle Freefall-Pinsetter. Freefall-Pinsetter k\u00f6nnen Tausende von beweglichen Teilen haben, von denen jedes einzelne versagen und einen Ausfall verursachen kann. Aus diesem Grund haben viele Center, welche Freefall-Pinsetter verwenden, einen Vollzeit-Mechaniker vor Ort, der nur daf\u00fcr sorgt, dass die Ger\u00e4te immer einsatzbereit sind.<\/p>\n<p>Da der Freefall-Pinsetter so viel Wartungsaufwand und damit verbundene Kosten verursacht, entscheiden sich immer mehr Betreiber f\u00fcr die moderne Technik der String-Pinsetter. Der in Europa weit verbreitete String-Pinsetter macht einen Vollzeitmechaniker \u00fcberfl\u00fcssig, da der Gro\u00dfteil der Reparaturen und der Wartung von einem Ihrer vorhandenen Mitarbeiter des bestehenden Teams durchgef\u00fchrt werden kann.<br \/>\n[\/et_pb_accordion_item][et_pb_accordion_item title=&#8220;Wie profitabel ist ein Bowlinggesch\u00e4ft?&#8220; _builder_version=&#8220;4.16&#8243; global_colors_info=&#8220;{}&#8220; open=&#8220;off&#8220;]Jedes Unternehmen und jeder Markt sind anders. Einige Bowling-Erlebnisse konzentrieren sich darauf, eine breite Palette von Unterhaltungsoptionen anzubieten und die Einnahmequellen zu diversifizieren. Einige konzentrieren sich nur auf Bowling, Essen und Getr\u00e4nke. Wie dem auch sei, Bowling.com bietet einige Zahlen zu den finanziellen Auswirkungen, die jede Bowlingbahn potenziell auf ein Bowlinggesch\u00e4ft haben kann. In dem Artikel hei\u00dft es:<\/p>\n<p>&#8222;Ein Bowlingcenter mit durchschnittlich 11.000 Spielen pro Jahr erwirtschaftet j\u00e4hrlich etwa 36.750 Dollar pro Bahn.&#8220;<br \/>\n[\/et_pb_accordion_item][et_pb_accordion_item title=&#8220;Wie viel Platz ben\u00f6tige ich f\u00fcr jede Bowlingbahn?&#8220; _builder_version=&#8220;4.16&#8243; global_colors_info=&#8220;{}&#8220; open=&#8220;off&#8220;]Die durchschnittliche L\u00e4nge einer Bowlingbahn kann zwischen 90 und 100 Fu\u00df betragen. Die Standardl\u00e4nge einer Bahn von der Foullinie bis zum hinteren Ende des Pindecks betr\u00e4gt 63 Fu\u00df (1920 Zentimeter). Der Standardanflug betr\u00e4gt in der Regel 15 bis 16 Fu\u00df (457 bis 488 Zentimeter). F\u00fcr den Pinsetter wird eine zus\u00e4tzliche L\u00e4nge ben\u00f6tigt (Funk&#8217;s String Pinsetter ben\u00f6tigt zus\u00e4tzlich 5 Fu\u00df und 3 Zoll (160 Zentimeter). Schlie\u00dflich kann die Sitzfl\u00e4che variieren, liegt aber in der Regel zwischen 8 und 12 Fu\u00df (245 bis 366 Zentimeter). Alle diese Ma\u00dfe sind Standardma\u00dfe, aber alles ist anpassbar.<\/p>\n<p>Zwei Bahnen mit einem oberirdischen Ballr\u00fccklauf sind in der Regel etwa 354 cm (11 Fu\u00df und 7 Zoll) breit. F\u00fcr zwei Bahnen mit einem unterirdischen Ballr\u00fccklauf m\u00fcssen Sie 345 Zentimeter (11 Fu\u00df und 4 Zoll) einplanen.<\/p>\n<p>&nbsp;<br \/>\n[\/et_pb_accordion_item][et_pb_accordion_item title=&#8220;Wie lang ist eine Bowlingbahn?&#8220; _builder_version=&#8220;4.16&#8243; global_colors_info=&#8220;{}&#8220; open=&#8220;off&#8220;]Die durchschnittliche L\u00e4nge einer Bowlingbahn kann zwischen 90 und 100 Fu\u00df betragen. Die Standardl\u00e4nge einer Bahn von der Foullinie bis zum hinteren Ende des Pindecks betr\u00e4gt 63 Fu\u00df (1920 Zentimeter). Der Standardanflug betr\u00e4gt in der Regel 15 bis 16 Fu\u00df (457 bis 488 Zentimeter). F\u00fcr den Pinsetter wird eine zus\u00e4tzliche L\u00e4nge ben\u00f6tigt (Funk&#8217;s String Pinsetter ben\u00f6tigt zus\u00e4tzlich 5 Fu\u00df und 3 Zoll (160 Zentimeter). Schlie\u00dflich kann die Sitzfl\u00e4che variieren, liegt aber in der Regel zwischen 8 und 12 Fu\u00df (245 bis 366 Zentimeter).<br \/>\n[\/et_pb_accordion_item][et_pb_accordion_item title=&#8220;Wie breit ist eine Bowlingbahn?&#8220; _builder_version=&#8220;4.16&#8243; global_colors_info=&#8220;{}&#8220; open=&#8220;off&#8220;]Die Breite h\u00e4ngt von der Art des Ballr\u00fccklaufs ab, mit dem Sie arbeiten. Hier sind die Ma\u00dfe f\u00fcr eine <strong>unterirdische Kugelr\u00fcckf\u00fchrung<\/strong>:<\/p>\n<ul>\n<li>2 Bahnen &#8211; 11&#8242; 4&#8243; breit<\/li>\n<li>4 Bahnen &#8211; 22&#8242; 5-1\/4&#8243; breit<\/li>\n<li>6 Bahnen &#8211; 33&#8242; 6-1\/2&#8243; breit<\/li>\n<li>8 Bahnen &#8211; 44&#8242; 7-3\/4&#8243; breit<\/li>\n<li>10 Bahnen &#8211; 55&#8242; 9&#8243; breit<\/li>\n<li>12 Bahnen &#8211; 66&#8242; 10-1\/4&#8243; breit<\/li>\n<li>14 Bahnen &#8211; 77&#8242; 11-1\/2&#8243; breit<\/li>\n<li>16 Fahrspuren &#8211; 89&#8242; 3\/4&#8243; breit<\/li>\n<li>18 Fahrspuren &#8211; 100&#8242; 2&#8243; breit<\/li>\n<li>20 Fahrspuren &#8211; 111&#8242; 3-1\/4&#8243; breit<\/li>\n<li>22 Fahrspuren &#8211; 122&#8242; 4-1\/2&#8243; breit<\/li>\n<li>24 Bahnen &#8211; 133&#8242; 5-3\/4&#8243; breit<\/li>\n<li>26 Bahnen &#8211; 144&#8242; 7&#8243; breit<\/li>\n<\/ul>\n<p>Hier sind die Ma\u00dfe f\u00fcr eine <strong>oberirdische Ballr\u00fcckgabe<\/strong>:<\/p>\n<ul>\n<li>2 Bahnen &#8211; 11&#8242; 7-1\/2&#8243; breit<\/li>\n<li>4 Fahrspuren &#8211; 23&#8242; 1\/4&#8243; breit<\/li>\n<li>6 Bahnen &#8211; 34&#8242; 5&#8243; breit<\/li>\n<li>8 Bahnen &#8211; 45&#8242; 9-3\/4&#8243; breit<\/li>\n<li>10 Bahnen &#8211; 57&#8242; 2-1\/2&#8243; breit<\/li>\n<li>12 Bahnen &#8211; 68&#8242; 7-1\/2&#8243; breit<\/li>\n<li>14 Fahrspuren &#8211; 80&#8242; breit<\/li>\n<li>16 Bahnen &#8211; 91&#8242; 4-3\/4&#8243; breit<\/li>\n<li>18 Bahnen &#8211; 102&#8242; 9-1\/2&#8243; breit<\/li>\n<li>20 Bahnen &#8211; 114&#8242; 2-1\/4&#8243; breit<\/li>\n<li>22 Bahnen &#8211; 125&#8242; 7&#8243; breit<\/li>\n<li>24 Bahnen &#8211; 136&#8242; 11-3\/4&#8243; breit<\/li>\n<li>26 Bahnen &#8211; 148&#8242; 4-1\/2&#8243; breit<\/li>\n<\/ul>\n<p>[\/et_pb_accordion_item][et_pb_accordion_item title=&#8220;Aus welchem Material sind Bowlingbahnen hergestellt?&#8220; _builder_version=&#8220;4.16&#8243; global_colors_info=&#8220;{}&#8220; open=&#8220;off&#8220;]In der Vergangenheit wurden die meisten Bowlingbahnen aus Holz gebaut. Heute verwendet Funk synthetisches HPL (Hochdrucklaminat), das <a href=\"https:\/\/www.bowl.com\/Equipment_Specs\/Additional_Resources\/Lane_Surface_Archive\/\">vom USBC zugelassen<\/a> ist. Es besteht aus zahlreichen Schichten von Laminat, die mit Phenolharz getr\u00e4nkt und verleimt sind. Hochdruckmaschinen pressen die Materialschichten auf eine Dicke von etwa 10 mm. Das Material ist robust und langlebig, was es perfekt f\u00fcr Bowlingbahnen macht.<\/p>\n<p>Wir bieten verschiedene Stil- und Oberfl\u00e4chenoptionen, um eine Bahn zu liefern, die perfekt zum Stil eines jeden Bowlingcenters passt. Dar\u00fcber hinaus bieten wir unseren Kunden die M\u00f6glichkeit, Fahrspuren und Zufahrten mit Logos und Grafiken per Digitaldruck individuell zu gestalten.<br \/>\n[\/et_pb_accordion_item][et_pb_accordion_item title=&#8220;Wie l\u00e4uft der Bau einer Bowlingbahn ab?&#8220; _builder_version=&#8220;4.16&#8243; global_colors_info=&#8220;{}&#8220; open=&#8220;off&#8220;]In der Regel verfolgen wir bei Funk beim Bau einer Bowlingbahn einen 5-stufigen Ansatz. Es beginnt mit einem Gespr\u00e4ch. Hier ist unser Prozess.<\/p>\n<ol>\n<li><strong>Beratung<\/strong>: Mit unserer umfangreichen Erfahrung mit Bowlingcentern und In-Home-Anlagen auf der ganzen Welt helfen wir Ihnen bei der Planung aller technischen, finanziellen und organisatorischen Aspekte Ihres Bowlingprojekts.<\/li>\n<li><strong>Produktion<\/strong>: Wir besitzen jeden Schritt des Produktions-\/Herstellungsprozesses und sind stolz auf unsere Handwerkskunst. Die eigentliche Produktion und Fertigung Ihrer Ger\u00e4te findet in unseren beiden Produktionsst\u00e4tten in Deutschland statt. In unserer US-Zentrale in Detroit, Michigan, halten wir au\u00dferdem ein umfangreiches Inventar unserer Produkte vor.<\/li>\n<li><strong>Installation<\/strong>: Je nach Gr\u00f6\u00dfe des Centers wird die Installation wahrscheinlich mehrere Wochen dauern. Unser internationales Team aus amerikanischen und deutschen Ingenieuren und Handwerkern kommt zu Ihnen und installiert alles, von den Sitzen bis zu den Pinsettern. Das beste Produkt bedeutet nichts, wenn es nicht richtig installiert ist! Deshalb f\u00fchren wir die Installation selbst durch.<\/li>\n<li><strong>Schulung<\/strong>: Sobald alle technischen Komponenten installiert sind, schulen wir Ihre Mitarbeiter in der Wartung und Reparatur unserer Ger\u00e4te und Technik. Im Gegensatz zu anderen Pinsettern ben\u00f6tigt der Funk String Pinsetter KEINEN fachkundigen Techniker, um die Ger\u00e4te zu warten.<\/li>\n<li><strong>Service<\/strong>: Sobald Sie sich bei Funk angemeldet haben, sind Sie unser Partner. Das bedeutet, dass wir hier sind, um Ihr Gesch\u00e4ft zu unterst\u00fctzen, wo immer wir k\u00f6nnen. Wir helfen Ihnen bei der Wartung Ihrer Ger\u00e4te, entweder per Telefon oder vor Ort.<\/li>\n<\/ol>\n<p>[\/et_pb_accordion_item][et_pb_accordion_item title=&#8220;Wie viel kostet es, eine Bowlingbahn zu bauen?&#8220; _builder_version=&#8220;4.16&#8243; global_colors_info=&#8220;{}&#8220; open=&#8220;off&#8220;]Jedes Bowling-Projekt ist einzigartig. Bei so vielen Optionen und Anpassungen ist es schwierig, allgemeine Preisangaben zu machen. Vom Design bis zur Installation gibt es viele M\u00f6glichkeiten f\u00fcr Bowling-Besitzer. Deshalb erstellen wir ma\u00dfgeschneiderte Angebote, die Ihren Bed\u00fcrfnissen entsprechen. <a href=\"https:\/\/www.funkbowling.com\/de\/?page_id=3901\">Kontaktieren Sie uns<\/a> noch heute, um ein Angebot f\u00fcr Ihr Bowling-Projekt anzufordern.<br \/>\n[\/et_pb_accordion_item][\/et_pb_accordion][\/et_pb_column][\/et_pb_row][\/et_pb_section]<\/p>\n<span class=\"et_bloom_bottom_trigger\"><\/span>","protected":false},"excerpt":{"rendered":"<p>faq Antworten auf h\u00e4ufige Fragen, die wir von erfahrenen Betreibern und zuk\u00fcnftigen Bowling-Center-Besitzern erhalten.Einfach gesagt: Wartung. Der gr\u00f6\u00dfte Verursacher dieser Wartungskosten ist der traditionelle Freefall-Pinsetter. Freefall-Pinsetter k\u00f6nnen Tausende von beweglichen Teilen haben, von denen jedes einzelne versagen und einen Ausfall verursachen kann. Aus diesem Grund haben viele Center, welche Freefall-Pinsetter verwenden, einen Vollzeit-Mechaniker vor Ort, [&hellip;]<\/p>\n","protected":false},"author":1,"featured_media":3687,"parent":0,"menu_order":0,"comment_status":"closed","ping_status":"closed","template":"","meta":{"_et_pb_use_builder":"on","_et_pb_old_content":"","_et_gb_content_width":"","footnotes":""},"class_list":["post-4003","page","type-page","status-publish","has-post-thumbnail","hentry"],"yoast_head":"<!-- This site is optimized with the Yoast SEO plugin v27.4 - https:\/\/yoast.com\/product\/yoast-seo-wordpress\/ -->\n<title>FAQs - Fragen rund um die Bowlingwelt<\/title>\n<meta name=\"description\" content=\"Hier finden Sie einige Antworten auf die am h\u00e4ufigsten gestellten Fragen, die wir von Bowlingcenterbetreibern erhalten.\" \/>\n<meta name=\"robots\" content=\"index, follow, max-snippet:-1, max-image-preview:large, max-video-preview:-1\" \/>\n<link rel=\"canonical\" href=\"https:\/\/www.funkbowling.com\/de\/faq-2\/\" \/>\n<meta property=\"og:locale\" content=\"de_DE\" \/>\n<meta property=\"og:type\" content=\"article\" \/>\n<meta property=\"og:title\" content=\"FAQs - Fragen rund um die Bowlingwelt\" \/>\n<meta property=\"og:description\" content=\"Hier finden Sie einige Antworten auf die am h\u00e4ufigsten gestellten Fragen, die wir von Bowlingcenterbetreibern erhalten.\" \/>\n<meta property=\"og:url\" content=\"https:\/\/www.funkbowling.com\/de\/faq-2\/\" \/>\n<meta property=\"og:site_name\" content=\"Funk Nordamerika\" \/>\n<meta property=\"article:publisher\" content=\"https:\/\/www.facebook.com\/funkbowl\/\" \/>\n<meta property=\"article:modified_time\" content=\"2024-08-12T09:56:26+00:00\" \/>\n<meta property=\"og:image\" content=\"https:\/\/www.funkbowling.com\/wp-content\/uploads\/2021\/12\/bowling-for-any-business-6-different-types-of-bowling-experiences-funk-bowling.jpg\" \/>\n\t<meta property=\"og:image:width\" content=\"630\" \/>\n\t<meta property=\"og:image:height\" content=\"354\" \/>\n\t<meta property=\"og:image:type\" content=\"image\/jpeg\" \/>\n<meta name=\"twitter:card\" content=\"summary_large_image\" \/>\n<meta name=\"twitter:label1\" content=\"Gesch\u00e4tzte Lesezeit\" \/>\n\t<meta name=\"twitter:data1\" content=\"9\u00a0Minuten\" \/>\n<!-- \/ Yoast SEO plugin. -->","yoast_head_json":{"title":"FAQs - Fragen rund um die Bowlingwelt","description":"Hier finden Sie einige Antworten auf die am h\u00e4ufigsten gestellten Fragen, die wir von Bowlingcenterbetreibern erhalten.","robots":{"index":"index","follow":"follow","max-snippet":"max-snippet:-1","max-image-preview":"max-image-preview:large","max-video-preview":"max-video-preview:-1"},"canonical":"https:\/\/www.funkbowling.com\/de\/faq-2\/","og_locale":"de_DE","og_type":"article","og_title":"FAQs - Fragen rund um die Bowlingwelt","og_description":"Hier finden Sie einige Antworten auf die am h\u00e4ufigsten gestellten Fragen, die wir von Bowlingcenterbetreibern erhalten.","og_url":"https:\/\/www.funkbowling.com\/de\/faq-2\/","og_site_name":"Funk Nordamerika","article_publisher":"https:\/\/www.facebook.com\/funkbowl\/","article_modified_time":"2024-08-12T09:56:26+00:00","og_image":[{"width":630,"height":354,"url":"https:\/\/www.funkbowling.com\/wp-content\/uploads\/2021\/12\/bowling-for-any-business-6-different-types-of-bowling-experiences-funk-bowling.jpg","type":"image\/jpeg"}],"twitter_card":"summary_large_image","twitter_misc":{"Gesch\u00e4tzte Lesezeit":"9\u00a0Minuten"},"schema":{"@context":"https:\/\/schema.org","@graph":[{"@type":"WebPage","@id":"https:\/\/www.funkbowling.com\/de\/faq-2\/","url":"https:\/\/www.funkbowling.com\/de\/faq-2\/","name":"FAQs - Fragen rund um die Bowlingwelt","isPartOf":{"@id":"https:\/\/www.funkbowling.com\/de\/#website"},"primaryImageOfPage":{"@id":"https:\/\/www.funkbowling.com\/de\/faq-2\/#primaryimage"},"image":{"@id":"https:\/\/www.funkbowling.com\/de\/faq-2\/#primaryimage"},"thumbnailUrl":"https:\/\/www.funkbowling.com\/wp-content\/uploads\/2021\/12\/bowling-for-any-business-6-different-types-of-bowling-experiences-funk-bowling.jpg","datePublished":"2020-03-18T17:13:51+00:00","dateModified":"2024-08-12T09:56:26+00:00","description":"Hier finden Sie einige Antworten auf die am h\u00e4ufigsten gestellten Fragen, die wir von Bowlingcenterbetreibern erhalten.","breadcrumb":{"@id":"https:\/\/www.funkbowling.com\/de\/faq-2\/#breadcrumb"},"inLanguage":"de","potentialAction":[{"@type":"ReadAction","target":["https:\/\/www.funkbowling.com\/de\/faq-2\/"]}]},{"@type":"ImageObject","inLanguage":"de","@id":"https:\/\/www.funkbowling.com\/de\/faq-2\/#primaryimage","url":"https:\/\/www.funkbowling.com\/wp-content\/uploads\/2021\/12\/bowling-for-any-business-6-different-types-of-bowling-experiences-funk-bowling.jpg","contentUrl":"https:\/\/www.funkbowling.com\/wp-content\/uploads\/2021\/12\/bowling-for-any-business-6-different-types-of-bowling-experiences-funk-bowling.jpg","width":630,"height":354,"caption":"types of bowling - funk bowling"},{"@type":"BreadcrumbList","@id":"https:\/\/www.funkbowling.com\/de\/faq-2\/#breadcrumb","itemListElement":[{"@type":"ListItem","position":1,"name":"Startseite","item":"https:\/\/www.funkbowling.com\/de\/"},{"@type":"ListItem","position":2,"name":"FAQ"}]},{"@type":"WebSite","@id":"https:\/\/www.funkbowling.com\/de\/#website","url":"https:\/\/www.funkbowling.com\/de\/","name":"Funk Nordamerika","description":"Internationaler Hersteller von Bowling-Ausr\u00fcstung","publisher":{"@id":"https:\/\/www.funkbowling.com\/de\/#organization"},"potentialAction":[{"@type":"SearchAction","target":{"@type":"EntryPoint","urlTemplate":"https:\/\/www.funkbowling.com\/de\/?s={search_term_string}"},"query-input":{"@type":"PropertyValueSpecification","valueRequired":true,"valueName":"search_term_string"}}],"inLanguage":"de"},{"@type":"Organization","@id":"https:\/\/www.funkbowling.com\/de\/#organization","name":"Funk Bowling","url":"https:\/\/www.funkbowling.com\/de\/","logo":{"@type":"ImageObject","inLanguage":"de","@id":"https:\/\/www.funkbowling.com\/de\/#\/schema\/logo\/image\/","url":"https:\/\/www.funkbowling.com\/wp-content\/uploads\/2021\/04\/Funk-Bowling-Classic-Logo-North-America-Bowling-Center-Equipment228x86.png","contentUrl":"https:\/\/www.funkbowling.com\/wp-content\/uploads\/2021\/04\/Funk-Bowling-Classic-Logo-North-America-Bowling-Center-Equipment228x86.png","width":228,"height":86,"caption":"Funk Bowling"},"image":{"@id":"https:\/\/www.funkbowling.com\/de\/#\/schema\/logo\/image\/"},"sameAs":["https:\/\/www.facebook.com\/funkbowl\/","https:\/\/www.instagram.com\/funk.bowling\/","https:\/\/www.linkedin.com\/company\/funk-bowling-north-america\/","https:\/\/www.youtube.com\/channel\/UCAc3s8t9ui25dN_owAeexKQ"]}]}},"jetpack_sharing_enabled":true,"_links":{"self":[{"href":"https:\/\/www.funkbowling.com\/de\/wp-json\/wp\/v2\/pages\/4003","targetHints":{"allow":["GET"]}}],"collection":[{"href":"https:\/\/www.funkbowling.com\/de\/wp-json\/wp\/v2\/pages"}],"about":[{"href":"https:\/\/www.funkbowling.com\/de\/wp-json\/wp\/v2\/types\/page"}],"author":[{"embeddable":true,"href":"https:\/\/www.funkbowling.com\/de\/wp-json\/wp\/v2\/users\/1"}],"replies":[{"embeddable":true,"href":"https:\/\/www.funkbowling.com\/de\/wp-json\/wp\/v2\/comments?post=4003"}],"version-history":[{"count":0,"href":"https:\/\/www.funkbowling.com\/de\/wp-json\/wp\/v2\/pages\/4003\/revisions"}],"wp:featuredmedia":[{"embeddable":true,"href":"https:\/\/www.funkbowling.com\/de\/wp-json\/wp\/v2\/media\/3687"}],"wp:attachment":[{"href":"https:\/\/www.funkbowling.com\/de\/wp-json\/wp\/v2\/media?parent=4003"}],"curies":[{"name":"wp","href":"https:\/\/api.w.org\/{rel}","templated":true}]}}