{"id":3924,"date":"2019-09-05T15:27:41","date_gmt":"2019-09-05T19:27:41","guid":{"rendered":"https:\/\/www.funkbowling.com\/datenschutzbestimmungen\/"},"modified":"2025-02-26T05:37:44","modified_gmt":"2025-02-26T10:37:44","slug":"datenschutzbestimmungen","status":"publish","type":"page","link":"https:\/\/www.funkbowling.com\/de\/datenschutzbestimmungen\/","title":{"rendered":"Datenschutzbestimmungen"},"content":{"rendered":"\n<p>Diese Datenschutzrichtlinie beschreibt, wie Ihre pers\u00f6nlichen Daten\ngesammelt, verwendet und weitergegeben werden, wenn Sie <a href=\"https:\/\/www.funkbowling.com\/de\/\">https:\/\/www.funkbowling.com<\/a> (die\n\u201eWebsite\u201c) besuchen.<\/p>\n\n<h3 class=\"wp-block-heading\"><strong>PERS\u00d6NLICHE INFORMATIONEN, DIE WIR ERFASSEN<\/strong><\/h3>\n\n<p>Wenn Sie die Website besuchen, erfassen wir automatisch bestimmte\nInformationen \u00fcber Ihr Ger\u00e4t, einschlie\u00dflich Informationen \u00fcber Ihren Webbrowser, die IP-Adresse\n, die Zeitzone und einige der Cookies, die auf Ihrem Ger\u00e4t installiert sind.\nWenn Sie auf der Website surfen, erfassen wir au\u00dferdem Informationen \u00fcber die\neinzelnen Webseiten oder Produkte, die Sie sich ansehen, welche Websites oder Suchbegriffe\nSie auf die Website verwiesen haben, und Informationen dar\u00fcber, wie Sie mit der Website interagieren.<\/p>\n\n<p>Wir bezeichnen diese automatisch gesammelten Informationen als\n\u201eGer\u00e4teinformationen\u201c.<\/p>\n\n<p>Wir sammeln Ger\u00e4teinformationen mit den folgenden\nTechnologien:<\/p>\n\n<ul class=\"wp-block-list\"><li>\u201eCookies\u201c sind Datendateien, die auf Ihrem Ger\u00e4t oder Computer abgelegt werden und oft eine anonyme, eindeutige Kennung enthalten. Weitere Informationen \u00fcber Cookies und wie Sie Cookies deaktivieren k\u00f6nnen, finden Sie unter <a href=\"http:\/\/www.allaboutcookies.org\">http:\/\/www.allaboutcookies.org.<\/a><\/li><li>\u201eLogdateien\u201c verfolgen die Aktionen auf der Website und erfassen Daten wie Ihre IP-Adresse, den Browsertyp, den Internetdienstanbieter, die verweisenden\/verlassenen Seiten sowie Datums- und Zeitstempel.<\/li><li>\u201eWeb Beacons\u201c, \u201eTags\u201c und \u201ePixel\u201c sind elektronische Dateien, die verwendet werden, um Informationen dar\u00fcber aufzuzeichnen, wie Sie die Website besuchen.<\/li><\/ul>\n\n<p>Wenn wir in dieser Datenschutzrichtlinie\nvon \u201ePers\u00f6nlichen Daten\u201c sprechen, meinen wir damit sowohl Ger\u00e4teinformationen.<\/p>\n\n<h3 class=\"wp-block-heading\"><strong>WIE VERWENDEN WIR IHRE PERS\u00d6NLICHEN DATEN?<\/strong><\/h3>\n\n<p>Wir verwenden die gesammelten Ger\u00e4tedaten, um\nauf potenzielle Risiken und Betrug zu pr\u00fcfen (insbesondere Ihre IP-Adresse) und\nallgemeiner, um unsere Website zu verbessern und zu optimieren (z. B. durch die Erstellung von\nAnalysen dar\u00fcber, wie unsere Kunden auf der Website surfen und mit ihr interagieren, und um\nden Erfolg unserer Marketing- und Werbekampagnen zu bewerten).<\/p>\n\n<p>Wir verwenden Ihre Webaktivit\u00e4tsdaten auch, um Ihnen relevante Angebote,\nMarketing und Werbeaktionen per E-Mail und \u00fcber Online-Werbung zukommen zu lassen.<\/p>\n\n<h3 class=\"wp-block-heading\"><strong>WEITERGABE IHRER PERS\u00d6NLICHEN INFORMATIONEN<\/strong><\/h3>\n\n<p>Wir geben Ihre pers\u00f6nlichen Daten an Dritte weiter, die uns bei der Verwendung Ihrer pers\u00f6nlichen Daten, wie oben beschrieben, helfen. Wir verwenden zum Beispiel Google Analytics, um zu verstehen, wie unsere Kunden die Website nutzen. Sie k\u00f6nnen hier mehr dar\u00fcber lesen, wie Google Ihre pers\u00f6nlichen Daten verwendet: <a href=\"https:\/\/www.google.com\/intl\/en\/policies\/privacy\/\">https:\/\/www.google.com\/intl\/en\/policies\/privacy\/<\/a> <\/p>\n\n<p>Sie k\u00f6nnen Google Analytics auch hier deaktivieren: <a href=\"https:\/\/tools.google.com\/dlpage\/gaoptout\">https:\/\/tools.google.com\/dlpage\/gaoptout<\/a> <\/p>\n\n<p>Schlie\u00dflich k\u00f6nnen wir Ihre pers\u00f6nlichen Daten auch weitergeben, um\ngeltende Gesetze und Vorschriften einzuhalten, um auf eine Vorladung, einen Durchsuchungsbefehl\noder eine andere rechtm\u00e4\u00dfige Anfrage nach Informationen, die wir erhalten, zu reagieren oder um\nunsere Rechte anderweitig zu sch\u00fctzen.<\/p>\n\n<h3 class=\"wp-block-heading\"><strong>VERHALTENSBASIERTE WERBUNG<\/strong><\/h3>\n\n<p>Wie oben beschrieben, verwenden wir Ihre pers\u00f6nlichen Daten, um Ihnen gezielte Werbung oder Marketingmitteilungen zukommen zu lassen, von denen wir glauben, dass sie f\u00fcr Sie von Interesse sein k\u00f6nnten. Weitere Informationen dar\u00fcber, wie gezielte Werbung funktioniert, finden Sie auf der Bildungsseite der Network Advertising Initiative (\u201eNAI\u201c) unter: <a href=\"http:\/\/www.networkadvertising.org\/understanding-online-advertising\/how-does-it-work\">http:\/\/www.networkadvertising.org\/understanding-online-advertising\/how-does-it-work<\/a> <\/p>\n\n<p>Sie k\u00f6nnen gezielte Werbung ablehnen, indem Sie auf den unten stehenden Links\nauf den Plattformen klicken, die Sie ablehnen m\u00f6chten:<\/p>\n\n<ul class=\"wp-block-list\"><li>FACEBOOK \u2013 <a href=\"https:\/\/www.facebook.com\/settings\/?tab=ads\">https:\/\/www.facebook.com\/settings\/?tab=ads<\/a><\/li><li>GOOGLE \u2013 <a href=\"https:\/\/www.google.com\/settings\/ads\/anonymous\">https:\/\/www.google.com\/settings\/ads\/anonymous<\/a><\/li><li><a href=\"https:\/\/advertise.bingads.microsoft.com\/en-us\/resources\/policies\/personalized-ads\">BING \u2013 https:\/\/advertise.bingads.microsoft.com\/en-us\/resources\/policies\/personalized-ads<\/a><\/li><\/ul>\n\n<p>Au\u00dferdem k\u00f6nnen Sie einige dieser Dienste deaktivieren, indem Sie das Opt-out-Portal der Digital Advertising Alliance besuchen: <a href=\"http:\/\/optout.aboutads.info\/\">http:\/\/optout.aboutads.info\/<\/a><\/p>\n\n<h3 class=\"wp-block-heading\"><strong>NICHT TRACKEN<\/strong><\/h3>\n\n<p>Bitte beachten Sie, dass wir die Praktiken der Datenerfassung und -nutzung auf unserer Website\nnicht \u00e4ndern, wenn wir ein \u201eDo Not Track\u201c-Signal von Ihrem Browser sehen.<\/p>\n\n<h3 class=\"wp-block-heading\"><strong>\u00c4NDERUNGEN<\/strong><\/h3>\n\n<p>Wir k\u00f6nnen diese Datenschutzrichtlinie von Zeit zu Zeit aktualisieren, um\nzum Beispiel \u00c4nderungen unserer Praktiken oder andere betriebliche,\nrechtliche oder regulatorische Gr\u00fcnde zu ber\u00fccksichtigen.<\/p>\n\n<h3 class=\"wp-block-heading\"><strong>SCHREIBEN SIE UNS<\/strong><\/h3>\n\n<p>F\u00fcr weitere Informationen \u00fcber unsere Datenschutzpraktiken, wenn Sie\nFragen haben oder eine Beschwerde einreichen m\u00f6chten, <a href=\"https:\/\/www.funkbowling.com\/de\/kontakt\/\">kontaktieren Sie uns<\/a> bitte.<\/p>\n<span class=\"et_bloom_bottom_trigger\"><\/span>","protected":false},"excerpt":{"rendered":"<p>Diese Datenschutzrichtlinie beschreibt, wie Ihre pers\u00f6nlichen Daten gesammelt, verwendet und weitergegeben werden, wenn Sie https:\/\/www.funkbowling.com (die \u201eWebsite\u201c) besuchen. PERS\u00d6NLICHE INFORMATIONEN, DIE WIR ERFASSEN Wenn Sie die Website besuchen, erfassen wir automatisch bestimmte Informationen \u00fcber Ihr Ger\u00e4t, einschlie\u00dflich Informationen \u00fcber Ihren Webbrowser, die IP-Adresse , die Zeitzone und einige der Cookies, die auf Ihrem Ger\u00e4t installiert [&hellip;]<\/p>\n","protected":false},"author":1,"featured_media":0,"parent":0,"menu_order":0,"comment_status":"closed","ping_status":"open","template":"","meta":{"_et_pb_use_builder":"","_et_pb_old_content":"","_et_gb_content_width":"","footnotes":""},"class_list":["post-3924","page","type-page","status-publish","hentry"],"yoast_head":"<!-- This site is optimized with the Yoast SEO plugin v27.4 - https:\/\/yoast.com\/product\/yoast-seo-wordpress\/ -->\n<title>Datenschutzbestimmungen - Funk Nordamerika<\/title>\n<meta name=\"description\" content=\"Die FUNK BOWLING Datenschutzbestimmungen\" \/>\n<meta name=\"robots\" content=\"index, follow, max-snippet:-1, max-image-preview:large, max-video-preview:-1\" \/>\n<link rel=\"canonical\" href=\"https:\/\/www.funkbowling.com\/de\/datenschutzbestimmungen\/\" \/>\n<meta property=\"og:locale\" content=\"de_DE\" \/>\n<meta property=\"og:type\" content=\"article\" \/>\n<meta property=\"og:title\" content=\"Datenschutzbestimmungen - Funk Nordamerika\" \/>\n<meta property=\"og:description\" content=\"Die FUNK BOWLING Datenschutzbestimmungen\" \/>\n<meta property=\"og:url\" content=\"https:\/\/www.funkbowling.com\/de\/datenschutzbestimmungen\/\" \/>\n<meta property=\"og:site_name\" content=\"Funk Nordamerika\" \/>\n<meta property=\"article:publisher\" content=\"https:\/\/www.facebook.com\/funkbowl\/\" \/>\n<meta property=\"article:modified_time\" content=\"2025-02-26T10:37:44+00:00\" \/>\n<meta property=\"og:image\" content=\"https:\/\/www.funkbowling.com\/wp-content\/uploads\/2021\/04\/Funk-Bowling-Favicon-500px-300x300.jpg\" \/>\n<meta name=\"twitter:card\" content=\"summary_large_image\" \/>\n<meta name=\"twitter:image\" content=\"https:\/\/www.funkbowling.com\/wp-content\/uploads\/2021\/04\/Funk-Bowling-Favicon-500px.jpg\" \/>\n<meta name=\"twitter:label1\" content=\"Gesch\u00e4tzte Lesezeit\" \/>\n\t<meta name=\"twitter:data1\" content=\"3\u00a0Minuten\" \/>\n<!-- \/ Yoast SEO plugin. -->","yoast_head_json":{"title":"Datenschutzbestimmungen - Funk Nordamerika","description":"Die FUNK BOWLING Datenschutzbestimmungen","robots":{"index":"index","follow":"follow","max-snippet":"max-snippet:-1","max-image-preview":"max-image-preview:large","max-video-preview":"max-video-preview:-1"},"canonical":"https:\/\/www.funkbowling.com\/de\/datenschutzbestimmungen\/","og_locale":"de_DE","og_type":"article","og_title":"Datenschutzbestimmungen - Funk Nordamerika","og_description":"Die FUNK BOWLING Datenschutzbestimmungen","og_url":"https:\/\/www.funkbowling.com\/de\/datenschutzbestimmungen\/","og_site_name":"Funk Nordamerika","article_publisher":"https:\/\/www.facebook.com\/funkbowl\/","article_modified_time":"2025-02-26T10:37:44+00:00","og_image":[{"url":"https:\/\/www.funkbowling.com\/wp-content\/uploads\/2021\/04\/Funk-Bowling-Favicon-500px-300x300.jpg","type":"","width":"","height":""}],"twitter_card":"summary_large_image","twitter_image":"https:\/\/www.funkbowling.com\/wp-content\/uploads\/2021\/04\/Funk-Bowling-Favicon-500px.jpg","twitter_misc":{"Gesch\u00e4tzte Lesezeit":"3\u00a0Minuten"},"schema":{"@context":"https:\/\/schema.org","@graph":[{"@type":"WebPage","@id":"https:\/\/www.funkbowling.com\/de\/datenschutzbestimmungen\/","url":"https:\/\/www.funkbowling.com\/de\/datenschutzbestimmungen\/","name":"Datenschutzbestimmungen - Funk Nordamerika","isPartOf":{"@id":"https:\/\/www.funkbowling.com\/de\/#website"},"datePublished":"2019-09-05T19:27:41+00:00","dateModified":"2025-02-26T10:37:44+00:00","description":"Die FUNK BOWLING Datenschutzbestimmungen","breadcrumb":{"@id":"https:\/\/www.funkbowling.com\/de\/datenschutzbestimmungen\/#breadcrumb"},"inLanguage":"de","potentialAction":[{"@type":"ReadAction","target":["https:\/\/www.funkbowling.com\/de\/datenschutzbestimmungen\/"]}]},{"@type":"BreadcrumbList","@id":"https:\/\/www.funkbowling.com\/de\/datenschutzbestimmungen\/#breadcrumb","itemListElement":[{"@type":"ListItem","position":1,"name":"Startseite","item":"https:\/\/www.funkbowling.com\/de\/startseite\/"},{"@type":"ListItem","position":2,"name":"Datenschutzbestimmungen"}]},{"@type":"WebSite","@id":"https:\/\/www.funkbowling.com\/de\/#website","url":"https:\/\/www.funkbowling.com\/de\/","name":"Funk Nordamerika","description":"Internationaler Hersteller von Bowling-Ausr\u00fcstung","publisher":{"@id":"https:\/\/www.funkbowling.com\/de\/#organization"},"potentialAction":[{"@type":"SearchAction","target":{"@type":"EntryPoint","urlTemplate":"https:\/\/www.funkbowling.com\/de\/?s={search_term_string}"},"query-input":{"@type":"PropertyValueSpecification","valueRequired":true,"valueName":"search_term_string"}}],"inLanguage":"de"},{"@type":"Organization","@id":"https:\/\/www.funkbowling.com\/de\/#organization","name":"Funk Bowling","url":"https:\/\/www.funkbowling.com\/de\/","logo":{"@type":"ImageObject","inLanguage":"de","@id":"https:\/\/www.funkbowling.com\/de\/#\/schema\/logo\/image\/","url":"https:\/\/www.funkbowling.com\/wp-content\/uploads\/2021\/04\/Funk-Bowling-Classic-Logo-North-America-Bowling-Center-Equipment228x86.png","contentUrl":"https:\/\/www.funkbowling.com\/wp-content\/uploads\/2021\/04\/Funk-Bowling-Classic-Logo-North-America-Bowling-Center-Equipment228x86.png","width":228,"height":86,"caption":"Funk Bowling"},"image":{"@id":"https:\/\/www.funkbowling.com\/de\/#\/schema\/logo\/image\/"},"sameAs":["https:\/\/www.facebook.com\/funkbowl\/","https:\/\/www.instagram.com\/funk.bowling\/","https:\/\/www.linkedin.com\/company\/funk-bowling-north-america\/","https:\/\/www.youtube.com\/channel\/UCAc3s8t9ui25dN_owAeexKQ"]}]}},"jetpack_sharing_enabled":true,"_links":{"self":[{"href":"https:\/\/www.funkbowling.com\/de\/wp-json\/wp\/v2\/pages\/3924","targetHints":{"allow":["GET"]}}],"collection":[{"href":"https:\/\/www.funkbowling.com\/de\/wp-json\/wp\/v2\/pages"}],"about":[{"href":"https:\/\/www.funkbowling.com\/de\/wp-json\/wp\/v2\/types\/page"}],"author":[{"embeddable":true,"href":"https:\/\/www.funkbowling.com\/de\/wp-json\/wp\/v2\/users\/1"}],"replies":[{"embeddable":true,"href":"https:\/\/www.funkbowling.com\/de\/wp-json\/wp\/v2\/comments?post=3924"}],"version-history":[{"count":0,"href":"https:\/\/www.funkbowling.com\/de\/wp-json\/wp\/v2\/pages\/3924\/revisions"}],"wp:attachment":[{"href":"https:\/\/www.funkbowling.com\/de\/wp-json\/wp\/v2\/media?parent=3924"}],"curies":[{"name":"wp","href":"https:\/\/api.w.org\/{rel}","templated":true}]}}